{"id":181,"date":"2020-08-05T04:44:36","date_gmt":"2020-08-05T04:44:36","guid":{"rendered":"http:\/\/kielijakirjallisuus.fi\/blogi\/?page_id=181"},"modified":"2020-08-07T07:19:18","modified_gmt":"2020-08-07T07:19:18","slug":"suk","status":"publish","type":"page","link":"http:\/\/kielijakirjallisuus.fi\/blogi\/","title":{"rendered":"SUK"},"content":{"rendered":"\n<p>T\u00e4lt\u00e4 sivustolta l\u00f6yd\u00e4t oppimateriaalia yl\u00e4koulun suomen kielen ja kirjallisuuden tunneille. <\/p>\n\n\n\n<p>Linkkilista jokaisen luokkatason materiaaleista l\u00f6ytyy yl\u00e4palkista. Sielt\u00e4 l\u00f6ytyy my\u00f6s opetussuunnitelman sis\u00e4ll\u00f6t ja tavoitteet. Suomi toisena kielen\u00e4 -sivulta l\u00f6ytyy asiaa opetusj\u00e4rjestelyist\u00e4 ja vuosiluokittain ja taitotasoittain muokatut sis\u00e4ll\u00f6t ja tavoitteet opetussuunnitelmasta. <\/p>\n\n\n\n<figure class=\"wp-block-image size-large\"><img loading=\"lazy\" decoding=\"async\" width=\"768\" height=\"576\" src=\"http:\/\/kielijakirjallisuus.fi\/blogi\/wp-content\/uploads\/2020\/08\/kirjat.jpg\" alt=\"\" class=\"wp-image-146\" srcset=\"http:\/\/kielijakirjallisuus.fi\/blogi\/wp-content\/uploads\/2020\/08\/kirjat.jpg 768w, http:\/\/kielijakirjallisuus.fi\/blogi\/wp-content\/uploads\/2020\/08\/kirjat-300x225.jpg 300w\" sizes=\"auto, (max-width: 768px) 100vw, 768px\" \/><\/figure>\n","protected":false},"excerpt":{"rendered":"<p>T\u00e4lt\u00e4 sivustolta l\u00f6yd\u00e4t oppimateriaalia yl\u00e4koulun suomen kielen ja kirjallisuuden tunneille. Linkkilista jokaisen luokkatason materiaaleista l\u00f6ytyy yl\u00e4palkista. Sielt\u00e4 l\u00f6ytyy my\u00f6s opetussuunnitelman sis\u00e4ll\u00f6t ja tavoitteet. Suomi toisena kielen\u00e4 -sivulta l\u00f6ytyy asiaa opetusj\u00e4rjestelyist\u00e4 ja vuosiluokittain ja taitotasoittain muokatut sis\u00e4ll\u00f6t ja tavoitteet opetussuunnitelmasta.<\/p>\n","protected":false},"author":1,"featured_media":0,"parent":0,"menu_order":0,"comment_status":"closed","ping_status":"closed","template":"","meta":{"footnotes":""},"class_list":["post-181","page","type-page","status-publish","hentry"],"_links":{"self":[{"href":"http:\/\/kielijakirjallisuus.fi\/blogi\/wp-json\/wp\/v2\/pages\/181","targetHints":{"allow":["GET"]}}],"collection":[{"href":"http:\/\/kielijakirjallisuus.fi\/blogi\/wp-json\/wp\/v2\/pages"}],"about":[{"href":"http:\/\/kielijakirjallisuus.fi\/blogi\/wp-json\/wp\/v2\/types\/page"}],"author":[{"embeddable":true,"href":"http:\/\/kielijakirjallisuus.fi\/blogi\/wp-json\/wp\/v2\/users\/1"}],"replies":[{"embeddable":true,"href":"http:\/\/kielijakirjallisuus.fi\/blogi\/wp-json\/wp\/v2\/comments?post=181"}],"version-history":[{"count":3,"href":"http:\/\/kielijakirjallisuus.fi\/blogi\/wp-json\/wp\/v2\/pages\/181\/revisions"}],"predecessor-version":[{"id":223,"href":"http:\/\/kielijakirjallisuus.fi\/blogi\/wp-json\/wp\/v2\/pages\/181\/revisions\/223"}],"wp:attachment":[{"href":"http:\/\/kielijakirjallisuus.fi\/blogi\/wp-json\/wp\/v2\/media?parent=181"}],"curies":[{"name":"wp","href":"https:\/\/api.w.org\/{rel}","templated":true}]}}