{"id":167,"date":"2020-08-05T03:39:14","date_gmt":"2020-08-05T03:39:14","guid":{"rendered":"http:\/\/kielijakirjallisuus.fi\/blogi\/?page_id=167"},"modified":"2020-08-07T07:14:28","modified_gmt":"2020-08-07T07:14:28","slug":"suomi-toisena-kielena","status":"publish","type":"page","link":"http:\/\/kielijakirjallisuus.fi\/blogi\/suomi-toisena-kielena\/","title":{"rendered":"suomi toisena kielen\u00e4"},"content":{"rendered":"\n<h3 class=\"wp-block-heading\">Suomi toisena kielen\u00e4<\/h3>\n\n\n\n<p>SUOMI TOISENA KIELEN\u00c4 -OPETUKSEN J\u00c4RJEST\u00c4MISEST\u00c4<\/p>\n\n\n\n<p><a href=\"http:\/\/kielijakirjallisuus.fi\/blogi\/uncategorized\/ehdotus-opetusjarjestelyista-s2-oppilaille\/\" target=\"_blank\" rel=\"noreferrer noopener\">Ehdotus opetusj\u00e4rjestelyist\u00e4 S2-oppilaille<\/a><\/p>\n\n\n\n<p>SUOMI TOISENA KIELEN\u00c4 -OPETUKSEN KULMAKIVI\u00c4<\/p>\n\n\n\n<p><a href=\"http:\/\/kielijakirjallisuus.fi\/blogi\/uncategorized\/10-askelta-suomen-kieleen\/\" target=\"_blank\" rel=\"noreferrer noopener\">10 askelta suomen kieleen<\/a><\/p>\n\n\n\n<p>VUOSILUOKKAISTETUT TAVOITTEET JA SIS\u00c4LL\u00d6T TAITOTASOITTAIN<\/p>\n\n\n\n<p>7.LUOKKA<\/p>\n\n\n\n<p><a href=\"http:\/\/kielijakirjallisuus.fi\/blogi\/uncategorized\/s1-vuorovaikutustilanteissa-toimiminen-7-lk\/\" target=\"_blank\" rel=\"noreferrer noopener\">S1 vuorovaikutustilanteissa toimiminen<\/a><br><a href=\"http:\/\/kielijakirjallisuus.fi\/blogi\/uncategorized\/s2-tekstien-tulkitseminen-7-lk\/\" target=\"_blank\" rel=\"noreferrer noopener\">S2 tekstien tulkitseminen<\/a><br><a href=\"http:\/\/kielijakirjallisuus.fi\/blogi\/uncategorized\/s3-tekstin-tuottaminen-7-lk\/\" target=\"_blank\" rel=\"noreferrer noopener\">S3 tekstien tuottaminen<\/a><br><a href=\"http:\/\/kielijakirjallisuus.fi\/blogi\/uncategorized\/s4-kielen-kirjallisuuden-ja-kulttuurin-ymmartaminen-7-lk\/\" target=\"_blank\" rel=\"noreferrer noopener\">S4 kielen, kirjallisuuden ja kulttuurin ymm\u00e4rt\u00e4minen<\/a><br><a href=\"http:\/\/kielijakirjallisuus.fi\/blogi\/uncategorized\/s5-kielen-kaytto-kaiken-oppimisen-tukena-7-lk\/\" target=\"_blank\" rel=\"noreferrer noopener\">S5 kielen k\u00e4ytt\u00f6 kaiken oppimisen tukena<\/a><\/p>\n\n\n\n<p>8.LUOKKA<\/p>\n\n\n\n<p><a href=\"http:\/\/kielijakirjallisuus.fi\/blogi\/uncategorized\/s1-vuorovaikutustilanteessa-toimiminen-8-lk\/\" target=\"_blank\" rel=\"noreferrer noopener\">S1 vuorovaikutustilanteissa toimiminen<\/a><br><a href=\"http:\/\/kielijakirjallisuus.fi\/blogi\/uncategorized\/s2-tekstien-tulkitseminen-8-lk\/\" target=\"_blank\" rel=\"noreferrer noopener\">S2 tekstien tulkitseminen<\/a><br><a href=\"http:\/\/kielijakirjallisuus.fi\/blogi\/uncategorized\/s3-tekstien-tuottaminen-8-lk\/\" target=\"_blank\" rel=\"noreferrer noopener\">S3 tekstien tuottaminen<br><\/a><a href=\"http:\/\/kielijakirjallisuus.fi\/blogi\/uncategorized\/s4-kielen-kirjallisuuden-ja-kulttuurin-ymmartaminen-8-lk\/\" target=\"_blank\" rel=\"noreferrer noopener\">S4 kielen, kirjallisuuden ja kulttuurin ymm\u00e4rt\u00e4minen<br><\/a>S5 kielen k\u00e4ytt\u00f6 kaiken oppimisen tukena<\/p>\n\n\n\n<p>9.LUOKKA<\/p>\n\n\n\n<p><a href=\"http:\/\/kielijakirjallisuus.blogspot.fi\/2016\/10\/s1-vuorovaikutustilanteissa-toiminen-9.html\" target=\"_blank\" rel=\"noreferrer noopener\">S1 vuorovaikutustilanteissa toimiminen<\/a><br><a href=\"http:\/\/kielijakirjallisuus.blogspot.fi\/2016\/10\/s2-tekstien-tulkitseminen-9-lk.html\" target=\"_blank\" rel=\"noreferrer noopener\">S2 tekstien tulkitseminen<\/a><br><a href=\"http:\/\/kielijakirjallisuus.blogspot.fi\/2016\/10\/s3-tekstien-tuottaminen-9lk.html\" target=\"_blank\" rel=\"noreferrer noopener\">S3 tekstien tuottaminen<\/a><br><a href=\"http:\/\/kielijakirjallisuus.blogspot.fi\/2016\/10\/s4-kielen-kirjallisuuden-ja-kulttuurin_26.html\" target=\"_blank\" rel=\"noreferrer noopener\">S4 kielen, kirjallisuuden ja kulttuurin ymm\u00e4rt\u00e4minen<\/a><br>S5 kielen k\u00e4ytt\u00f6 kaiken oppimisen tukena<\/p>\n","protected":false},"excerpt":{"rendered":"<p>Suomi toisena kielen\u00e4 SUOMI TOISENA KIELEN\u00c4 -OPETUKSEN J\u00c4RJEST\u00c4MISEST\u00c4 Ehdotus opetusj\u00e4rjestelyist\u00e4 S2-oppilaille SUOMI TOISENA KIELEN\u00c4 -OPETUKSEN KULMAKIVI\u00c4 10 askelta suomen kieleen VUOSILUOKKAISTETUT TAVOITTEET JA SIS\u00c4LL\u00d6T TAITOTASOITTAIN 7.LUOKKA S1 vuorovaikutustilanteissa toimiminenS2 tekstien tulkitseminenS3 tekstien tuottaminenS4 kielen, kirjallisuuden ja kulttuurin ymm\u00e4rt\u00e4minenS5 kielen k\u00e4ytt\u00f6 <a href=\"http:\/\/kielijakirjallisuus.fi\/blogi\/suomi-toisena-kielena\/\" class=\"read-more\">lue lis\u00e4\u00e4<\/a><\/p>\n","protected":false},"author":1,"featured_media":0,"parent":0,"menu_order":0,"comment_status":"closed","ping_status":"closed","template":"","meta":{"footnotes":""},"class_list":["post-167","page","type-page","status-publish","hentry"],"_links":{"self":[{"href":"http:\/\/kielijakirjallisuus.fi\/blogi\/wp-json\/wp\/v2\/pages\/167","targetHints":{"allow":["GET"]}}],"collection":[{"href":"http:\/\/kielijakirjallisuus.fi\/blogi\/wp-json\/wp\/v2\/pages"}],"about":[{"href":"http:\/\/kielijakirjallisuus.fi\/blogi\/wp-json\/wp\/v2\/types\/page"}],"author":[{"embeddable":true,"href":"http:\/\/kielijakirjallisuus.fi\/blogi\/wp-json\/wp\/v2\/users\/1"}],"replies":[{"embeddable":true,"href":"http:\/\/kielijakirjallisuus.fi\/blogi\/wp-json\/wp\/v2\/comments?post=167"}],"version-history":[{"count":3,"href":"http:\/\/kielijakirjallisuus.fi\/blogi\/wp-json\/wp\/v2\/pages\/167\/revisions"}],"predecessor-version":[{"id":222,"href":"http:\/\/kielijakirjallisuus.fi\/blogi\/wp-json\/wp\/v2\/pages\/167\/revisions\/222"}],"wp:attachment":[{"href":"http:\/\/kielijakirjallisuus.fi\/blogi\/wp-json\/wp\/v2\/media?parent=167"}],"curies":[{"name":"wp","href":"https:\/\/api.w.org\/{rel}","templated":true}]}}