{"id":163,"date":"2020-08-05T03:37:17","date_gmt":"2020-08-05T03:37:17","guid":{"rendered":"http:\/\/kielijakirjallisuus.fi\/blogi\/?page_id=163"},"modified":"2021-09-06T14:21:03","modified_gmt":"2021-09-06T14:21:03","slug":"8-luokka","status":"publish","type":"page","link":"http:\/\/kielijakirjallisuus.fi\/blogi\/8-luokka\/","title":{"rendered":"8. luokka"},"content":{"rendered":"\n<h2 class=\"wp-block-heading\">Kahdeksannen luokan sis\u00e4ll\u00f6t:<\/h2>\n\n\n\n<p>TEKSTILAJIT<\/p>\n\n\n\n<ul class=\"wp-block-list\"><li><a href=\"http:\/\/kielijakirjallisuus.fi\/blogi\/uncategorized\/tekstilajien-viidakossa\/\">Tekstilajit<\/a><\/li><li><a href=\"http:\/\/kielijakirjallisuus.fi\/blogi\/sisennys\/asiatekstin-kirjoittaminen\/\">Asiatekstin kirjoittaminen<\/a><\/li><li><a href=\"http:\/\/kielijakirjallisuus.fi\/blogi\/uncategorized\/kirjoitelman-aloitustapoja\/\">Kirjoitelman aloitustapoja<\/a><\/li><li><a href=\"http:\/\/kielijakirjallisuus.fi\/blogi\/uncategorized\/kirjoitelman-jasentelytapoja\/\">Kirjoitelman j\u00e4sentelytapoja<\/a><\/li><li><a href=\"http:\/\/kielijakirjallisuus.fi\/blogi\/uncategorized\/kirjoitelman-lopetustapoja\/\" data-type=\"URL\" data-id=\"http:\/\/kielijakirjallisuus.fi\/blogi\/uncategorized\/kirjoitelman-lopetustapoja\/\" target=\"_blank\" rel=\"noreferrer noopener\">Kirjoitelman lopetustapoja<\/a><\/li><li><a href=\"http:\/\/kielijakirjallisuus.fi\/blogi\/referaatti\/referaatti\/\">Referaatti<\/a><\/li><li><a rel=\"noreferrer noopener\" href=\"http:\/\/kielijakirjallisuus.fi\/blogi\/uncategorized\/toisen-tekstiin-viittaaminen\/\" target=\"_blank\">Toisen tekstiin viittaaminen eli referointi<\/a><\/li><li>Tarinan kirjoittaminen<\/li><li><a rel=\"noreferrer noopener\" href=\"http:\/\/kielijakirjallisuus.fi\/blogi\/uncategorized\/kirjailija-kertoja-ja-nakokulma\/\" target=\"_blank\">Kirjailija, kertoja ja n\u00e4k\u00f6kulma<\/a><\/li><li>Kirjallinen esitelm\u00e4<\/li><li>Suullinen esitelm\u00e4 + palaute<\/li><li><a rel=\"noreferrer noopener\" href=\"http:\/\/kielijakirjallisuus.fi\/blogi\/uncategorized\/vaikuttava-teksti-mielipidekirjoitus\/\" target=\"_blank\">Mielipidekirjoitus \u00a0\u00a0ja vastine<\/a><\/li><li><a rel=\"noreferrer noopener\" href=\"http:\/\/kielijakirjallisuus.fi\/blogi\/uncategorized\/pohtiva-kirjoitelma-essee\/\" target=\"_blank\">Pohtiva kirjoitelma eli essee<\/a><\/li><li><a rel=\"noreferrer noopener\" href=\"http:\/\/kielijakirjallisuus.fi\/blogi\/uncategorized\/vaikuttava-puhe\/\" target=\"_blank\">Vaikuttava puhe<\/a><\/li><\/ul>\n\n\n\n<p>KIELI<\/p>\n\n\n\n<ul class=\"wp-block-list\"><li><a href=\"http:\/\/kielijakirjallisuus.fi\/blogi\/sivulause\/virke-ja-lause\/\">Virke ja lause<\/a>&nbsp;(kertausta seiskaluokalta)<\/li><li><a rel=\"noreferrer noopener\" href=\"http:\/\/kielijakirjallisuus.fi\/blogi\/uncategorized\/lauseoppia\/\" target=\"_blank\">Lauseoppia<\/a><\/li><li>Lauseenvastikkeet (alustavasti)<\/li><li><a href=\"http:\/\/kielijakirjallisuus.fi\/blogi\/uncategorized\/kielenhuoltoa\/\">Kielenhuoltoa<\/a><\/li><li><a href=\"http:\/\/kielijakirjallisuus.fi\/blogi\/verbiketju\/persoonamuotoiset-verbit\/\">Persoonamuotoiset verbit<\/a>&nbsp;(kertausta seiskaluokalta)<\/li><li>Nominaalimuotoiset verbit (alustavasti)<\/li><li><a href=\"http:\/\/kielijakirjallisuus.fi\/blogi\/nykyinen-aika\/verbin-aikamuodot\/\">Verbin aikamuodot<\/a>&nbsp;(kertausta seiskaluokalta)<\/li><li><a href=\"http:\/\/kielijakirjallisuus.fi\/blogi\/uncategorized\/verbin-modukset-eli-tapaluokat\/\">Verbin modukset<\/a><\/li><li>Kielen keinoja<\/li><\/ul>\n\n\n\n<p>KIRJALLISUUS<\/p>\n\n\n\n<ul class=\"wp-block-list\"><li><a href=\"http:\/\/kielijakirjallisuus.fi\/blogi\/uncategorized\/kirjallisuuden-lajit\/\" target=\"_blank\" rel=\"noreferrer noopener\">Kirjallisuuden lajit<\/a><\/li><li><a href=\"http:\/\/kielijakirjallisuus.fi\/blogi\/uncategorized\/dekkarikirjallisuus\/\" target=\"_blank\" rel=\"noreferrer noopener\">Dekkarikirjallisuus<\/a><\/li><li><a href=\"http:\/\/kielijakirjallisuus.fi\/blogi\/uncategorized\/kauhukirjallisuus\/\">Kauhukirjallisuus<\/a><\/li><li><a href=\"http:\/\/kielijakirjallisuus.fi\/blogi\/uncategorized\/fantasiakirjallisuus\/\">Fantasiakirjallisuus<\/a><\/li><li><a href=\"http:\/\/kielijakirjallisuus.fi\/blogi\/uncategorized\/tieteiskirjallisuus-eli-scifi\/\" target=\"_blank\" rel=\"noreferrer noopener\">Scifi<\/a><\/li><li><a href=\"http:\/\/kielijakirjallisuus.fi\/blogi\/kirjoittaminen\/runon-kirjoittaminen\/\" target=\"_blank\" rel=\"noreferrer noopener\">Runoharjoitus<\/a><\/li><li>R\u00e4ppi<\/li><li><a rel=\"noreferrer noopener\" href=\"http:\/\/www03.edu.fi\/oppimateriaalit\/netlibris\/\" target=\"_blank\">Sinuhe-kirjallisuustarjotin<\/a><\/li><li><a href=\"http:\/\/kielijakirjallisuus.fi\/blogi\/uncategorized\/lue_kirjaa\/\" target=\"_blank\" rel=\"noreferrer noopener\">#lue_kirjaa<\/a><\/li><\/ul>\n\n\n\n<p>MEDIA<\/p>\n\n\n\n<ul class=\"wp-block-list\"><li><a href=\"http:\/\/kielijakirjallisuus.fi\/blogi\/uncategorized\/medialukutaito\/\">Medialukutaito<\/a><\/li><li>Uutinen<\/li><li><a href=\"http:\/\/kielijakirjallisuus.fi\/blogi\/uncategorized\/tv\/\">TV<\/a><\/li><li>Elokuva<\/li><li><a href=\"http:\/\/kielijakirjallisuus.fi\/blogi\/uncategorized\/mainokset\/\" target=\"_blank\" rel=\"noreferrer noopener\">Mainos<\/a><\/li><li><a href=\"http:\/\/kielijakirjallisuus.fi\/blogi\/uncategorized\/sananvapaus\/\" target=\"_blank\" rel=\"noreferrer noopener\">Sananvapaus<\/a><\/li><\/ul>\n\n\n\n<h3 class=\"wp-block-heading\">Kahdeksannen luokan arviointiperusteet (uusi OPS)<\/h3>\n\n\n\n<p><a rel=\"noreferrer noopener\" href=\"http:\/\/kielijakirjallisuus.fi\/blogi\/uncategorized\/8-lk-vuorovaikutustilanteissa-toimiminen-s1\/\" target=\"_blank\">S1 vuorovaikutustilanteissa toimiminen<\/a><br><a href=\"http:\/\/kielijakirjallisuus.fi\/blogi\/uncategorized\/8-lk-tekstien-tulkitseminen-s2\/\" target=\"_blank\" rel=\"noreferrer noopener\">S2 tekstien tulkitseminen<\/a><br><a href=\"http:\/\/kielijakirjallisuus.fi\/blogi\/uncategorized\/8-lk-tekstien-tuottaminen-s3\/\" target=\"_blank\" rel=\"noreferrer noopener\">S3 tekstien tuottaminen<\/a><br><a href=\"http:\/\/kielijakirjallisuus.fi\/blogi\/uncategorized\/8-lk-kielen-kirjallisuuden-ja-kulttuurin-ymmartaminen-s4\/\" target=\"_blank\" rel=\"noreferrer noopener\">S4 kielen, kirjallisuuden ja kulttuurin ymm\u00e4rt\u00e4minen<\/a><\/p>\n","protected":false},"excerpt":{"rendered":"<p>Kahdeksannen luokan sis\u00e4ll\u00f6t: TEKSTILAJIT Tekstilajit Asiatekstin kirjoittaminen Kirjoitelman aloitustapoja Kirjoitelman j\u00e4sentelytapoja Kirjoitelman lopetustapoja Referaatti Toisen tekstiin viittaaminen eli referointi Tarinan kirjoittaminen Kirjailija, kertoja ja n\u00e4k\u00f6kulma Kirjallinen esitelm\u00e4 Suullinen esitelm\u00e4 + palaute Mielipidekirjoitus \u00a0\u00a0ja vastine Pohtiva kirjoitelma eli essee Vaikuttava puhe <a href=\"http:\/\/kielijakirjallisuus.fi\/blogi\/8-luokka\/\" class=\"read-more\">lue lis\u00e4\u00e4<\/a><\/p>\n","protected":false},"author":1,"featured_media":0,"parent":0,"menu_order":0,"comment_status":"closed","ping_status":"closed","template":"","meta":{"footnotes":""},"class_list":["post-163","page","type-page","status-publish","hentry"],"_links":{"self":[{"href":"http:\/\/kielijakirjallisuus.fi\/blogi\/wp-json\/wp\/v2\/pages\/163","targetHints":{"allow":["GET"]}}],"collection":[{"href":"http:\/\/kielijakirjallisuus.fi\/blogi\/wp-json\/wp\/v2\/pages"}],"about":[{"href":"http:\/\/kielijakirjallisuus.fi\/blogi\/wp-json\/wp\/v2\/types\/page"}],"author":[{"embeddable":true,"href":"http:\/\/kielijakirjallisuus.fi\/blogi\/wp-json\/wp\/v2\/users\/1"}],"replies":[{"embeddable":true,"href":"http:\/\/kielijakirjallisuus.fi\/blogi\/wp-json\/wp\/v2\/comments?post=163"}],"version-history":[{"count":11,"href":"http:\/\/kielijakirjallisuus.fi\/blogi\/wp-json\/wp\/v2\/pages\/163\/revisions"}],"predecessor-version":[{"id":278,"href":"http:\/\/kielijakirjallisuus.fi\/blogi\/wp-json\/wp\/v2\/pages\/163\/revisions\/278"}],"wp:attachment":[{"href":"http:\/\/kielijakirjallisuus.fi\/blogi\/wp-json\/wp\/v2\/media?parent=163"}],"curies":[{"name":"wp","href":"https:\/\/api.w.org\/{rel}","templated":true}]}}